{"id":4681,"date":"2022-11-28T16:47:38","date_gmt":"2022-11-29T00:47:38","guid":{"rendered":"https:\/\/unfinishedsentences.org\/sobre-el-archivo-de-testimonios\/"},"modified":"2022-11-28T16:47:38","modified_gmt":"2022-11-29T00:47:38","slug":"sobre-el-archivo-de-testimonios","status":"publish","type":"page","link":"https:\/\/unfinishedsentences.org\/es\/sobre-el-archivo-de-testimonios\/","title":{"rendered":"Sobre el Archivo de Testimonios"},"content":{"rendered":"<p>El Archivo de Testimonios de Oraciones Incompletas es un proyecto del Instituto de Derechos Humanos de la Universidad Centroamericana \u00abJos\u00e9 Simeon Ca\u00f1as\u00bb (IDHUCA) en San Salvador, El Salvador, y el Centro de Derechos Humanos de la Universidad de Washington (UWCHR) en Seattle, Washington, EE.UU.<\/p>\n<p>El Instituto de Derechos Humanos de la Universidad Centroamericana \u00abJos\u00e9 Simeon Ca\u00f1as\u00bb, IDHUCA, basado en San Salvador, El Salvador, contribuye a que la poblaci\u00f3n salvadore\u00f1a logre vivir con justicia y respeto a sus derechos humanos promoviendo la participaci\u00f3n ciudadana y apoyando el fortalecimiento institucional.<\/p>\n<p>Sitio web: http:\/\/www.uca.edu.sv\/idhuca\/<\/p>\n<p>El Centro de Derechos Humanos de la Universidad de Washington, basado en Seattle, Washington, EE.UU., est\u00e1 comprometida con la excelencia interdisciplinaria en la preparaci\u00f3n de estudiantes universitarios y de posgrado en el campo de los derechos humanos; promoviendo a los derechos humanos como eje central de las investigaciones de profesores y estudiantes de posgrado; y el involucramiento productivo con organizaciones de derechos humanos locales, regionales, nacionales, e internacionales para promover el respeto hac\u00eda los derechos humanos.<\/p>\n<p>Sitio web: http:\/\/humanrights.washington.edu<\/p>\n<p>Oraciones Incompletas es una iniciativa del Centro de Derechos Humanos de la Universidad de Washington que busca motivar la participaci\u00f3n del p\u00fablico en la defensa de los derechos humanos en El Salvador. A trav\u00e9s de este esfuerzo, buscamos documentar y compartir las historias de los sobrevivientes de cr\u00edmenes de lesa humanidad cometidos en El Salvador en el contexto del conflicto armado, y apoyar los esfuerzos que realizan actualmente las salvadore\u00f1as y los salvadore\u00f1os para la justicia y la verdad.<\/p>\n<p>Sitio web: http:\/\/www.oracionesincompletas.org<\/p>\n","protected":false},"excerpt":{"rendered":"<p>El Archivo de Testimonios de Oraciones Incompletas es un proyecto del Instituto de Derechos Humanos de la Universidad Centroamericana \u00abJos\u00e9 Simeon Ca\u00f1as\u00bb (IDHUCA) en San Salvador, El Salvador, y el Centro de Derechos Humanos de la Universidad de Washington (UWCHR) en Seattle, Washington, EE.UU. El Instituto de Derechos Humanos de la Universidad Centroamericana \u00abJos\u00e9 Simeon<\/p>\n","protected":false},"author":6,"featured_media":0,"parent":0,"menu_order":0,"comment_status":"closed","ping_status":"closed","template":"","meta":{"_acf_changed":false},"class_list":["post-4681","page","type-page","status-publish","hentry"],"acf":[],"jetpack_sharing_enabled":true,"_links":{"self":[{"href":"https:\/\/unfinishedsentences.org\/es\/wp-json\/wp\/v2\/pages\/4681","targetHints":{"allow":["GET"]}}],"collection":[{"href":"https:\/\/unfinishedsentences.org\/es\/wp-json\/wp\/v2\/pages"}],"about":[{"href":"https:\/\/unfinishedsentences.org\/es\/wp-json\/wp\/v2\/types\/page"}],"author":[{"embeddable":true,"href":"https:\/\/unfinishedsentences.org\/es\/wp-json\/wp\/v2\/users\/6"}],"replies":[{"embeddable":true,"href":"https:\/\/unfinishedsentences.org\/es\/wp-json\/wp\/v2\/comments?post=4681"}],"version-history":[{"count":0,"href":"https:\/\/unfinishedsentences.org\/es\/wp-json\/wp\/v2\/pages\/4681\/revisions"}],"wp:attachment":[{"href":"https:\/\/unfinishedsentences.org\/es\/wp-json\/wp\/v2\/media?parent=4681"}],"curies":[{"name":"wp","href":"https:\/\/api.w.org\/{rel}","templated":true}]}}