{"id":4680,"date":"2022-11-28T16:48:45","date_gmt":"2022-11-29T00:48:45","guid":{"rendered":"https:\/\/unfinishedsentences.org\/mas-informacion\/"},"modified":"2024-07-09T10:38:40","modified_gmt":"2024-07-09T17:38:40","slug":"mas-informacion","status":"publish","type":"page","link":"https:\/\/unfinishedsentences.org\/es\/mas-informacion\/","title":{"rendered":"M\u00e1s informaci\u00f3n"},"content":{"rendered":"<p>De 1980 a 1992 El Salvador fue devastado por una cruenta guerra civil cuyas secuelas perduran hasta el d\u00eda de hoy. La guerra cobr\u00f3 la vida de al menos 75.000 civiles, muchos de ellos v\u00edctimas de las pr\u00e1cticas de \u201ctierra arrasada\u201d que eliminaron del mapa poblados enteros. Seg\u00fan el Informe de la Verdad de las Naciones Unidas, puede atribuirse m\u00e1s del 85% de estos cr\u00edmenes a las fuerzas estatales salvadore\u00f1as y a los escuadrones de la muerte que se alinearon con ellas. Sin embargo, y luego de varias d\u00e9cadas, todav\u00eda no se ha responsabilizado a ning\u00fan individuo en particular por dar las \u00f3rdenes que provocaron estas atrocidades. Un gran n\u00famero de salvadore\u00f1os hoy contin\u00faa buscando informaci\u00f3n sobre el paradero de sus seres queridos, intentando recuperar sus restos para darles digna sepultura, o luchando para poder honrar su memoria sin miedo de sufrir represalias o recriminaci\u00f3n. Lee m\u00e1s sobre la historia de El Salvador.<\/p>\n<h2>C\u00d3MO UTILIZAR EL ARCHIVO<\/h2>\n<p>El Archivo de Testimonios de Oraciones Incompletas contiene actualmente m\u00e1s de 170 extractos de las historias orales de 48 individuos. Se puede ver todos los testimonios organizados bajo temas hist\u00f3ricos generales al hacer clic en el enlace \u201cCap\u00edtulos\u201d o en los encabezados de los cap\u00edtulos en la p\u00e1gina principal. Haga clic en \u201cBuscar\u201d para ver todos los videos y ordenarlos seg\u00fan temas y lugares, o para buscar una palabra o frase dentro de las transcripciones textuales de las entrevistas.<\/p>\n<p>Haga clic en el t\u00edtulo encima de la ventana de un video para ver m\u00e1s informaci\u00f3n, incluyendo etiquetas de los temas y lugares mencionados en el testimonio, un resumen del contenido, y una transcripci\u00f3n completa. Al hacer clic en el nombre de una persona, se pueden ver todos los extractos publicados de su testimonio. Haga clic en una etiqueta de tema o lugar para ver todos los videos con esa etiqueta. Tambi\u00e9n se pueden ver y compartir los videos por medio de YouTube al hacer clic en el t\u00edtulo dentro de la ventana del video.<\/p>\n<p>Todos los videos est\u00e1n reproducidos con audio en espa\u00f1ol y subt\u00edtulos en ingl\u00e9s. Desafortunadamente, subt\u00edtulos en espa\u00f1ol no est\u00e1n disponibles actualmente; sin embargo, todos los videos est\u00e1n acompa\u00f1ados por una transcripci\u00f3n textual completa en ambos idiomas. Haga clic en los enlaces \u201cEnglish\u201d y \u201cEspa\u00f1ol\u201d en la parte superior de la p\u00e1gina para cambiar de idioma.<\/p>\n<p>Por favor, comun\u00edquese con info@unfinishedsentences.org para avisarnos de cualquier problema t\u00e9cnico o errores graves de traducci\u00f3n, transcripci\u00f3n o subtitulado.<\/p>\n<h2>SOBRE EL ARCHIVO<\/h2>\n<p>Las entrevistas con sobrevivientes de la guerra civil en las comunidades de Arcatao y San Antonio Los Ranchos, Chalatenango, El Salvador, fueron hechas durante 2013-2014 por estudiantes y personal del IDHUCA y del UWCHR con la colaboraci\u00f3n con del Comit\u00e9 de Memoria Hist\u00f3rica de Arcatao. Aprende m\u00e1s sobre nosotros. Se obtuvo el consentimiento libre, previo e informado de todos los participantes antes de hacer las entrevistas, y todos los extractos de los testimonios incluidos en el archivo fueron aprobados para publicaci\u00f3n por los mismos participantes. Todas las entrevistas fueron realizadas con el apoyo de psic\u00f3logos y psic\u00f3logas capacitados en el manejo comunitario de trauma y sanaci\u00f3n. Algunos nombres han sido cambiados y algunas im\u00e1genes fueron borradas a petici\u00f3n de los y las participantes por respeto a su privacidad y seguridad.<\/p>\n<p>Debido a la naturaleza de las experiencias contadas en los testimonios, algunos usuarios encontrar\u00e1n perturbador el contenido del archivo. Los temas incluyen violencia, violaci\u00f3n sexual, tortura, muerte y privaci\u00f3n extrema. Por otro lado, el archivo tambi\u00e9n contiene narrativas de resistencia, sobrevivencia y ayuda mutua para vencer adversidades.<\/p>\n","protected":false},"excerpt":{"rendered":"<p>De 1980 a 1992 El Salvador fue devastado por una cruenta guerra civil cuyas secuelas perduran hasta el d\u00eda de hoy. La guerra cobr\u00f3 la vida de al menos 75.000 civiles, muchos de ellos v\u00edctimas de las pr\u00e1cticas de \u201ctierra arrasada\u201d que eliminaron del mapa poblados enteros. Seg\u00fan el Informe de la Verdad de las<\/p>\n","protected":false},"author":6,"featured_media":0,"parent":0,"menu_order":0,"comment_status":"closed","ping_status":"closed","template":"","meta":{"_acf_changed":false},"class_list":["post-4680","page","type-page","status-publish","hentry"],"acf":[],"jetpack_sharing_enabled":true,"_links":{"self":[{"href":"https:\/\/unfinishedsentences.org\/es\/wp-json\/wp\/v2\/pages\/4680","targetHints":{"allow":["GET"]}}],"collection":[{"href":"https:\/\/unfinishedsentences.org\/es\/wp-json\/wp\/v2\/pages"}],"about":[{"href":"https:\/\/unfinishedsentences.org\/es\/wp-json\/wp\/v2\/types\/page"}],"author":[{"embeddable":true,"href":"https:\/\/unfinishedsentences.org\/es\/wp-json\/wp\/v2\/users\/6"}],"replies":[{"embeddable":true,"href":"https:\/\/unfinishedsentences.org\/es\/wp-json\/wp\/v2\/comments?post=4680"}],"version-history":[{"count":1,"href":"https:\/\/unfinishedsentences.org\/es\/wp-json\/wp\/v2\/pages\/4680\/revisions"}],"predecessor-version":[{"id":4964,"href":"https:\/\/unfinishedsentences.org\/es\/wp-json\/wp\/v2\/pages\/4680\/revisions\/4964"}],"wp:attachment":[{"href":"https:\/\/unfinishedsentences.org\/es\/wp-json\/wp\/v2\/media?parent=4680"}],"curies":[{"name":"wp","href":"https:\/\/api.w.org\/{rel}","templated":true}]}}