{"id":3448,"date":"2013-11-03T00:57:10","date_gmt":"2013-11-03T07:57:10","guid":{"rendered":"https:\/\/unfinishedsentences.org\/inicio\/"},"modified":"2025-07-18T11:34:19","modified_gmt":"2025-07-18T18:34:19","slug":"inicio","status":"publish","type":"page","link":"https:\/\/unfinishedsentences.org\/es\/","title":{"rendered":"Inicio"},"content":{"rendered":"<h2>Nuestra Misi\u00f3n<\/h2>\n<p>Oraciones Incompletas es una iniciativa del <a href=\"https:\/\/jsis.washington.edu\/humanrights\/\">Centro de Derechos Humanos de la Universidad de Washington<\/a> que busca motivar la participaci\u00f3n del p\u00fablico en la defensa de los derechos humanos en El Salvador. A trav\u00e9s de este esfuerzo, buscamos documentar y compartir las historias de los sobrevivientes de cr\u00edmenes de lesa humanidad cometidos en El Salvador en el contexto del conflicto armado, y apoyar los esfuerzos que realizan actualmente las salvadore\u00f1as y los salvadore\u00f1os para la justicia y la verdad.<\/p>\n<div class=\"jetpack-video-wrapper\"><iframe loading=\"lazy\" title=\"Unfinished Sentences: Justice\" width=\"840\" height=\"473\" src=\"https:\/\/www.youtube.com\/embed\/vpeGdYRvR1g?feature=oembed\" frameborder=\"0\" allow=\"accelerometer; autoplay; clipboard-write; encrypted-media; gyroscope; picture-in-picture; web-share\" referrerpolicy=\"strict-origin-when-cross-origin\" allowfullscreen><\/iframe><\/div>\n","protected":false},"excerpt":{"rendered":"<p>Nuestra Misi\u00f3n Oraciones Incompletas es una iniciativa del Centro de Derechos Humanos de la Universidad de Washington que busca motivar la participaci\u00f3n del p\u00fablico en la defensa de los derechos humanos en El Salvador. A trav\u00e9s de este esfuerzo, buscamos documentar y compartir las historias de los sobrevivientes de cr\u00edmenes de lesa humanidad cometidos en<\/p>\n","protected":false},"author":6,"featured_media":4018,"parent":0,"menu_order":0,"comment_status":"closed","ping_status":"closed","template":"","meta":{"_acf_changed":false},"class_list":["post-3448","page","type-page","status-publish","has-post-thumbnail","hentry"],"acf":[],"jetpack_sharing_enabled":true,"_links":{"self":[{"href":"https:\/\/unfinishedsentences.org\/es\/wp-json\/wp\/v2\/pages\/3448","targetHints":{"allow":["GET"]}}],"collection":[{"href":"https:\/\/unfinishedsentences.org\/es\/wp-json\/wp\/v2\/pages"}],"about":[{"href":"https:\/\/unfinishedsentences.org\/es\/wp-json\/wp\/v2\/types\/page"}],"author":[{"embeddable":true,"href":"https:\/\/unfinishedsentences.org\/es\/wp-json\/wp\/v2\/users\/6"}],"replies":[{"embeddable":true,"href":"https:\/\/unfinishedsentences.org\/es\/wp-json\/wp\/v2\/comments?post=3448"}],"version-history":[{"count":1,"href":"https:\/\/unfinishedsentences.org\/es\/wp-json\/wp\/v2\/pages\/3448\/revisions"}],"predecessor-version":[{"id":5290,"href":"https:\/\/unfinishedsentences.org\/es\/wp-json\/wp\/v2\/pages\/3448\/revisions\/5290"}],"wp:featuredmedia":[{"embeddable":true,"href":"https:\/\/unfinishedsentences.org\/es\/wp-json\/wp\/v2\/media\/4018"}],"wp:attachment":[{"href":"https:\/\/unfinishedsentences.org\/es\/wp-json\/wp\/v2\/media?parent=3448"}],"curies":[{"name":"wp","href":"https:\/\/api.w.org\/{rel}","templated":true}]}}